{"id":5386,"date":"2025-06-15T17:57:59","date_gmt":"2025-06-15T17:57:59","guid":{"rendered":"https:\/\/ptrangers.com\/?page_id=5386"},"modified":"2025-06-15T23:53:44","modified_gmt":"2025-06-15T23:53:44","slug":"hall-of-fame","status":"publish","type":"page","link":"https:\/\/ptrangers.com\/index.php\/hall-of-fame\/","title":{"rendered":"HALL OF FAME"},"content":{"rendered":"<p>[vc_row row_content_width=&#8221;grid&#8221; css=&#8221;.vc_custom_1749998334435{padding-top: 140px !important;padding-bottom: 30px !important;}&#8221;][vc_column][vc_row_inner css=&#8221;.vc_custom_1682292315614{padding-bottom: 40px !important;}&#8221;][vc_column_inner][vc_column_text]<\/p>\n<h1 class=\"header\"><strong>HALL OF FAME<\/strong><\/h1>\n<p>[\/vc_column_text][\/vc_column_inner][\/vc_row_inner][vc_column_text]<\/p>\n<div class=\"centered-container centered-container--thin cc-teams-main\">\n<div class=\"teams-main\">\n<div class=\"teams-main__content cssc-content\">Criada em 2000 a nossa equipa de Fifa Pro Clubs (texto a ser criado pelo Spet)<\/div>\n<div class=\"teams-main__content cssc-content\">Cr\u00e9\u00e9e en 2018, notre \u00e9quipe CS:GO a gravi la hi\u00e9rarchie du jeu jusqu\u2019\u00e0 devenir num\u00e9ro 1 mondial fin 2020. Forte de ses victoires contre les plus belles \u00e9quipes du monde lors des plus grands rendez-vous, cette \u00e9quipe fran\u00e7aise s\u2019est hiss\u00e9e en haut en tr\u00e8s peu de temps. Ses victoires coup sur coup \u00e0 l\u2019IEM Bejing 2020 &amp; \u00e0 Blast Premier Fall 2020 ont confirm\u00e9es son statut d\u2019\u00e9quipe l\u00e9gendaires dans l\u2019histoire du jeu.<\/div>\n<\/div>\n<\/div>\n<div class=\"centered-container cc-team section-m\">\n<div class=\"team\">\n<div class=\"players-list__group\">\n<div class=\"players-list\" data-nb-cols=\"3\"><\/div>\n<\/div>\n<\/div>\n<\/div>\n<p>[\/vc_column_text][\/vc_column][\/vc_row][vc_row][vc_column][vc_row_inner][vc_column_inner]<div class=\"edgtf-separator-holder clearfix  edgtf-separator-center \">\n\t<div class=\"edgtf-separator\" ><\/div>\n<\/div>\n[\/vc_column_inner][\/vc_row_inner][\/vc_column][\/vc_row][vc_row css=&#8221;.vc_custom_1682334889296{padding-top: 20px !important;padding-right: 10% !important;padding-bottom: 30px !important;padding-left: 10% !important;}&#8221; simple_background_color=&#8221;#eeee22&#8243;][vc_column][vc_column_text]<\/p>\n<h5 class=\"player-hero__sub-title player-hero__aside-title\" style=\"color: black; text-align: center;\">PREMIO CARREIRA<\/h5>\n<p>[\/vc_column_text][\/vc_column][\/vc_row][vc_row equal_height=&#8221;yes&#8221; css=&#8221;.vc_custom_1710876722938{padding-right: 10% !important;padding-bottom: 30px !important;padding-left: 10% !important;}&#8221;][vc_column width=&#8221;1\/2&#8243;][vc_column_text css=&#8221;.vc_custom_1750029952565{padding-top: 80px !important;padding-bottom: 30px !important;}&#8221;]<\/p>\n<h5 id=\"tw-target-text\" class=\"tw-data-text tw-text-large tw-ta\" dir=\"ltr\" style=\"text-align: center;\" data-placeholder=\"Tradu\u00e7\u00e3o\"><span class=\"Y2IQFc\" lang=\"en\">Pr\u00e9mio Carreira 2022<\/span><\/h5>\n<p>[\/vc_column_text][vc_single_image image=&#8221;5524&#8243; alignment=&#8221;center&#8221; style=&#8221;vc_box_circle&#8221;][vc_column_text]<\/p>\n<h5 class=\"edgtf-team-name\" style=\"text-align: center;\">Arkeiro<\/h5>\n<p class=\"edgtf-team-position\" style=\"text-align: center;\">Bruno Silva<\/p>\n<p>[\/vc_column_text][\/vc_column][vc_column width=&#8221;1\/2&#8243;][\/vc_column][\/vc_row][vc_row css=&#8221;.vc_custom_1682334889296{padding-top: 20px !important;padding-right: 10% !important;padding-bottom: 30px !important;padding-left: 10% !important;}&#8221; simple_background_color=&#8221;#eeee22&#8243;][vc_column][vc_column_text]<\/p>\n<h5 class=\"player-hero__sub-title player-hero__aside-title\" style=\"color: black; text-align: center;\">DIRIGENTES DO ANO<\/h5>\n<p>[\/vc_column_text][\/vc_column][\/vc_row][vc_row equal_height=&#8221;yes&#8221; css=&#8221;.vc_custom_1710876722938{padding-right: 10% !important;padding-bottom: 30px !important;padding-left: 10% !important;}&#8221;][vc_column width=&#8221;1\/2&#8243;][vc_column_text css=&#8221;.vc_custom_1750030532521{padding-top: 80px !important;padding-bottom: 30px !important;}&#8221;]<\/p>\n<h5 id=\"tw-target-text\" class=\"tw-data-text tw-text-large tw-ta\" dir=\"ltr\" style=\"text-align: center;\" data-placeholder=\"Tradu\u00e7\u00e3o\"><span class=\"Y2IQFc\" lang=\"en\">Dirigente 2022<\/span><\/h5>\n<p>[\/vc_column_text][vc_single_image image=&#8221;5527&#8243; alignment=&#8221;center&#8221; style=&#8221;vc_box_circle&#8221;][vc_column_text]<\/p>\n<h5 class=\"edgtf-team-name\" style=\"text-align: center;\">Incha<\/h5>\n<p class=\"edgtf-team-position\" style=\"text-align: center;\">Oseias Santos<\/p>\n<p>[\/vc_column_text][\/vc_column][vc_column width=&#8221;1\/2&#8243;][\/vc_column][\/vc_row][vc_row css=&#8221;.vc_custom_1682334889296{padding-top: 20px !important;padding-right: 10% !important;padding-bottom: 30px !important;padding-left: 10% !important;}&#8221; simple_background_color=&#8221;#eeee22&#8243;][vc_column][vc_column_text]<\/p>\n<h5 class=\"player-hero__sub-title player-hero__aside-title\" style=\"color: black; text-align: center;\">TREINADOR DO ANO<\/h5>\n<p>[\/vc_column_text][\/vc_column][\/vc_row][vc_row equal_height=&#8221;yes&#8221; css=&#8221;.vc_custom_1710876722938{padding-right: 10% !important;padding-bottom: 30px !important;padding-left: 10% !important;}&#8221;][vc_column width=&#8221;1\/2&#8243;][vc_column_text css=&#8221;.vc_custom_1750029873214{padding-top: 80px !important;padding-bottom: 30px !important;}&#8221;]<\/p>\n<h5 class=\"h4\" style=\"text-align: center;\">Treinador do Ano 2022<\/h5>\n<p>[\/vc_column_text][vc_single_image image=&#8221;5335&#8243; alignment=&#8221;center&#8221; style=&#8221;vc_box_circle&#8221;][vc_column_text]<\/p>\n<h5 class=\"edgtf-team-name\" style=\"text-align: center;\">Tvg4<\/h5>\n<p class=\"edgtf-team-position\" style=\"text-align: center;\">Jorge Ferreira<\/p>\n<p>[\/vc_column_text][\/vc_column][vc_column width=&#8221;1\/2&#8243;][\/vc_column][\/vc_row][vc_row css=&#8221;.vc_custom_1682334889296{padding-top: 20px !important;padding-right: 10% !important;padding-bottom: 30px !important;padding-left: 10% !important;}&#8221; simple_background_color=&#8221;#eeee22&#8243;][vc_column][vc_column_text]<\/p>\n<h5 class=\"player-hero__sub-title player-hero__aside-title\" style=\"color: black; text-align: center;\">MVP DO ANO<\/h5>\n<p>[\/vc_column_text][\/vc_column][\/vc_row][vc_row equal_height=&#8221;yes&#8221; css=&#8221;.vc_custom_1710876722938{padding-right: 10% !important;padding-bottom: 30px !important;padding-left: 10% !important;}&#8221;][vc_column width=&#8221;1\/2&#8243;][vc_column_text css=&#8221;.vc_custom_1750030240180{padding-top: 80px !important;padding-bottom: 30px !important;}&#8221;]<\/p>\n<h5 id=\"tw-target-text\" class=\"tw-data-text tw-text-large tw-ta\" dir=\"ltr\" style=\"text-align: center;\" data-placeholder=\"Tradu\u00e7\u00e3o\"><span class=\"Y2IQFc\" lang=\"en\">MVP do Ano 2022<\/span><\/h5>\n<p>[\/vc_column_text][vc_single_image image=&#8221;5300&#8243; alignment=&#8221;center&#8221; style=&#8221;vc_box_circle&#8221;][vc_column_text]<\/p>\n<h5 class=\"edgtf-team-name\" style=\"text-align: center;\">Brecha<\/h5>\n<p class=\"edgtf-team-position\" style=\"text-align: center;\">Felipe Ribeiro<\/p>\n<p>[\/vc_column_text][\/vc_column][vc_column width=&#8221;1\/2&#8243;][\/vc_column][\/vc_row][vc_row css=&#8221;.vc_custom_1682334889296{padding-top: 20px !important;padding-right: 10% !important;padding-bottom: 30px !important;padding-left: 10% !important;}&#8221; simple_background_color=&#8221;#eeee22&#8243;][vc_column][vc_column_text]<\/p>\n<h5 class=\"player-hero__sub-title player-hero__aside-title\" style=\"color: black; text-align: center;\">JOGADOR REVELA\u00c7\u00c3O<\/h5>\n<p>[\/vc_column_text][\/vc_column][\/vc_row][vc_row equal_height=&#8221;yes&#8221; css=&#8221;.vc_custom_1710876722938{padding-right: 10% !important;padding-bottom: 30px !important;padding-left: 10% !important;}&#8221;][vc_column width=&#8221;1\/2&#8243;][vc_column_text css=&#8221;.vc_custom_1750031582418{padding-top: 80px !important;padding-bottom: 30px !important;}&#8221;]<\/p>\n<h5 id=\"tw-target-text\" class=\"tw-data-text tw-text-large tw-ta\" dir=\"ltr\" style=\"text-align: center;\" data-placeholder=\"Tradu\u00e7\u00e3o\"><span class=\"Y2IQFc\" lang=\"en\">Revela\u00e7\u00e3o 2022<\/span><\/h5>\n<p>[\/vc_column_text][vc_single_image image=&#8221;5535&#8243; alignment=&#8221;center&#8221; style=&#8221;vc_box_circle&#8221;][vc_column_text]<\/p>\n<h5 class=\"edgtf-team-name\" style=\"text-align: center;\">LUCAS7<\/h5>\n<p class=\"edgtf-team-position\" style=\"text-align: center;\">Lucas Silva<\/p>\n<p>[\/vc_column_text][\/vc_column][vc_column width=&#8221;1\/2&#8243;][\/vc_column][\/vc_row][vc_row css=&#8221;.vc_custom_1682334889296{padding-top: 20px !important;padding-right: 10% !important;padding-bottom: 30px !important;padding-left: 10% !important;}&#8221; simple_background_color=&#8221;#eeee22&#8243;][vc_column][vc_column_text]<\/p>\n<h5 class=\"player-hero__sub-title player-hero__aside-title\" style=\"color: black; text-align: center;\">PERSONALIDADE DO ANO<\/h5>\n<p>[\/vc_column_text][\/vc_column][\/vc_row][vc_row equal_height=&#8221;yes&#8221; css=&#8221;.vc_custom_1710876722938{padding-right: 10% !important;padding-bottom: 30px !important;padding-left: 10% !important;}&#8221;][vc_column width=&#8221;1\/2&#8243;][vc_column_text css=&#8221;.vc_custom_1750031233655{padding-top: 80px !important;padding-bottom: 30px !important;}&#8221;]<\/p>\n<h5 id=\"tw-target-text\" class=\"tw-data-text tw-text-large tw-ta\" dir=\"ltr\" style=\"text-align: center;\" data-placeholder=\"Tradu\u00e7\u00e3o\"><span class=\"Y2IQFc\" lang=\"en\">Personalidade 2022<\/span><\/h5>\n<p>[\/vc_column_text][vc_single_image image=&#8221;5533&#8243; alignment=&#8221;center&#8221; style=&#8221;vc_box_circle&#8221;][vc_column_text]<\/p>\n<h5 class=\"edgtf-team-name\" style=\"text-align: center;\">JHP Inform\u00e1tica<\/h5>\n<p class=\"edgtf-team-position\" style=\"text-align: center;\">Helder Pinto<\/p>\n<p>[\/vc_column_text][\/vc_column][vc_column width=&#8221;1\/2&#8243;][\/vc_column][\/vc_row]<\/p>\n","protected":false},"excerpt":{"rendered":"<p>[vc_row row_content_width=&#8221;grid&#8221; css=&#8221;.vc_custom_1749998334435{padding-top: 140px !important;padding-bottom: 30px !important;}&#8221;][vc_column][vc_row_inner css=&#8221;.vc_custom_1682292315614{padding-bottom: 40px !important;}&#8221;][vc_column_inner][vc_column_text] HALL OF FAME [\/vc_column_text][\/vc_column_inner][\/vc_row_inner][vc_column_text] Criada em 2000 a nossa equipa de Fifa Pro Clubs (texto a ser criado pelo Spet) Cr\u00e9\u00e9e en 2018, notre \u00e9quipe CS:GO a gravi la hi\u00e9rarchie [&hellip;]<\/p>\n","protected":false},"author":1,"featured_media":0,"parent":0,"menu_order":0,"comment_status":"closed","ping_status":"closed","template":"full-width.php","meta":{"footnotes":""},"class_list":["post-5386","page","type-page","status-publish","hentry"],"jetpack_sharing_enabled":true,"_links":{"self":[{"href":"https:\/\/ptrangers.com\/index.php\/wp-json\/wp\/v2\/pages\/5386","targetHints":{"allow":["GET"]}}],"collection":[{"href":"https:\/\/ptrangers.com\/index.php\/wp-json\/wp\/v2\/pages"}],"about":[{"href":"https:\/\/ptrangers.com\/index.php\/wp-json\/wp\/v2\/types\/page"}],"author":[{"embeddable":true,"href":"https:\/\/ptrangers.com\/index.php\/wp-json\/wp\/v2\/users\/1"}],"replies":[{"embeddable":true,"href":"https:\/\/ptrangers.com\/index.php\/wp-json\/wp\/v2\/comments?post=5386"}],"version-history":[{"count":16,"href":"https:\/\/ptrangers.com\/index.php\/wp-json\/wp\/v2\/pages\/5386\/revisions"}],"predecessor-version":[{"id":5536,"href":"https:\/\/ptrangers.com\/index.php\/wp-json\/wp\/v2\/pages\/5386\/revisions\/5536"}],"wp:attachment":[{"href":"https:\/\/ptrangers.com\/index.php\/wp-json\/wp\/v2\/media?parent=5386"}],"curies":[{"name":"wp","href":"https:\/\/api.w.org\/{rel}","templated":true}]}}