{"id":4453,"date":"2022-10-01T10:43:38","date_gmt":"2022-10-01T10:43:38","guid":{"rendered":"https:\/\/ptrangers.com\/?page_id=4453"},"modified":"2023-06-25T14:59:16","modified_gmt":"2023-06-25T14:59:16","slug":"patrocinadores","status":"publish","type":"page","link":"https:\/\/ptrangers.com\/index.php\/patrocinadores\/","title":{"rendered":"PATROCINADORES"},"content":{"rendered":"<p>[vc_row row_content_width=&#8221;grid&#8221; css=&#8221;.vc_custom_1664622778057{padding-top: 140px !important;}&#8221;][vc_column]<div class=\"edgtf-section-title-holder  edgtf-st-standard \" style=\"text-align: left\">\n\t<div class=\"edgtf-st-inner\">\n\t\t\t\t\t<h5 class=\"edgtf-st-title\" style=\"color: #f7ba10\">\n\t\t\t\tParceiros que ajudam os Portuguese Rangers a vencer\t\t\t<\/h5>\n\t\t        \t\t\t\t\t<p class=\"edgtf-st-text\" >\n\t\t\t\tTemos a confian\u00e7a de algumas empresas inovadoras em Portugal para ajudar a torn\u00e1-las relevantes nos esports. Explore nossos parceiros e entre em contato conosco para saber mais.<br \/>\nMuito obrigado pelo vosso apoio!\t\t\t<\/p>\n\t\t\t<\/div>\n<\/div>[\/vc_column][\/vc_row][vc_row row_content_width=&#8221;grid&#8221; css=&#8221;.vc_custom_1664632504503{padding-top: 80px !important;}&#8221;][vc_column]<div class=\"edgtf-section-title-holder  edgtf-st-standard \" style=\"text-align: left\">\n\t<div class=\"edgtf-st-inner\">\n\t\t\t\t\t<h3 class=\"edgtf-st-title\" style=\"color: #f7ba10\">\n\t\t\t\tMAIN PARTNER\t\t\t<\/h3>\n\t\t        \t\t\t<\/div>\n<\/div><div class=\"edgtf-separator-holder clearfix  edgtf-separator-center \">\n\t<div class=\"edgtf-separator\" style=\"margin-top: 20px\"><\/div>\n<\/div>\n[vc_single_image image=&#8221;4465&#8243; img_size=&#8221;full&#8221; alignment=&#8221;center&#8221;]<div class=\"edgtf-separator-holder clearfix  edgtf-separator-center \">\n\t<div class=\"edgtf-separator\" style=\"margin-top: 20px\"><\/div>\n<\/div>\n<div class=\"edgtf-section-title-holder  edgtf-st-standard \" style=\"text-align: left\">\n\t<div class=\"edgtf-st-inner\">\n\t\t\t\t\t<h5 class=\"edgtf-st-title\" style=\"color: #f7ba10\">\n\t\t\t\tJHP INFORM\u00c1TICA\t\t\t<\/h5>\n\t\t        \t\t\t\t\t<p class=\"edgtf-st-text\" >\n\t\t\t\tA JHP Inform\u00e1tica \u00e9 uma empresa especializada no com\u00e9rcio de componentes de inform\u00e1tica, eletr\u00f3nica de consumo entre outros produtos. Esta conta j\u00e1 com 13 Anos de experi\u00eancia no mercado.<br \/>\nA JHP apoia os Portuguese Rangers e cria ofertas exclusivas para os s\u00f3cios do clube.\t\t\t<\/p>\n\t\t\t<\/div>\n<\/div><div class=\"edgtf-separator-holder clearfix  edgtf-separator-center \">\n\t<div class=\"edgtf-separator\" style=\"margin-top: 20px\"><\/div>\n<\/div>\n<a itemprop=\"url\" href=\"https:\/\/jhp.pt\" target=\"_blank\"  class=\"edgtf-btn edgtf-btn-small edgtf-btn-solid edgtf-btn-glow\"  >\n        <span class=\"edgtf-btn-text\">Learn more<\/span>\n        <\/a>[\/vc_column][\/vc_row][vc_row row_content_width=&#8221;grid&#8221; css=&#8221;.vc_custom_1664632504503{padding-top: 80px !important;}&#8221;][vc_column]<div class=\"edgtf-section-title-holder  edgtf-st-standard \" style=\"text-align: left\">\n\t<div class=\"edgtf-st-inner\">\n\t\t\t\t\t<h3 class=\"edgtf-st-title\" style=\"color: #f7ba10\">\n\t\t\t\tGENERAL PARTNERS\t\t\t<\/h3>\n\t\t        \t\t\t<\/div>\n<\/div><div class=\"edgtf-separator-holder clearfix  edgtf-separator-center \">\n\t<div class=\"edgtf-separator\" style=\"margin-top: 20px\"><\/div>\n<\/div>\n[vc_single_image image=&#8221;5239&#8243; img_size=&#8221;full&#8221; alignment=&#8221;center&#8221;]<div class=\"edgtf-separator-holder clearfix  edgtf-separator-center \">\n\t<div class=\"edgtf-separator\" style=\"margin-top: 20px\"><\/div>\n<\/div>\n<div class=\"edgtf-section-title-holder  edgtf-st-standard \" style=\"text-align: left\">\n\t<div class=\"edgtf-st-inner\">\n\t\t\t\t\t<h5 class=\"edgtf-st-title\" style=\"color: #f7ba10\">\n\t\t\t\tTHERMAL\t\t\t<\/h5>\n\t\t        \t\t\t\t\t<p class=\"edgtf-st-text\" >\n\t\t\t\tNa thermal \u00ae prestamos servi\u00e7os de reabilita\u00e7\u00e3o funcional e est\u00e9tica de edif\u00edcios. A nossa a\u00e7\u00e3o \u00e9 inspirada na abordagem hol\u00edstica ao edif\u00edcio, uma vis\u00e3o que contempla uma perspectiva sintetizada que resulta num servi\u00e7o global e integrado. As nossas interven\u00e7\u00f5es s\u00e3o guiadas pelo rigor t\u00e9cnico e pela escolha das op\u00e7\u00f5es que conduzam ao melhor compromisso custo\/benef\u00edcio. A sustentabilidade das nossas interven\u00e7\u00f5es garante o respeito pelo meio ambiente e pelos recursos naturais.<br \/>\nPronto para remodelar a sua casa? Contacte-nos!<br \/>\nOr\u00e7amento Gr\u00e1tis!\t\t\t<\/p>\n\t\t\t<\/div>\n<\/div><div class=\"edgtf-separator-holder clearfix  edgtf-separator-center \">\n\t<div class=\"edgtf-separator\" style=\"margin-top: 20px\"><\/div>\n<\/div>\n<a itemprop=\"url\" href=\"https:\/\/thermal.pt\" target=\"_blank\"  class=\"edgtf-btn edgtf-btn-small edgtf-btn-solid edgtf-btn-glow\"  >\n        <span class=\"edgtf-btn-text\">Learn more<\/span>\n        <\/a>[\/vc_column][\/vc_row][vc_row row_content_width=&#8221;grid&#8221; css=&#8221;.vc_custom_1664632504503{padding-top: 80px !important;}&#8221;][vc_column][vc_single_image image=&#8221;5243&#8243; img_size=&#8221;full&#8221; alignment=&#8221;center&#8221;]<div class=\"edgtf-separator-holder clearfix  edgtf-separator-center \">\n\t<div class=\"edgtf-separator\" style=\"margin-top: 20px\"><\/div>\n<\/div>\n<div class=\"edgtf-section-title-holder  edgtf-st-standard \" style=\"text-align: left\">\n\t<div class=\"edgtf-st-inner\">\n\t\t\t\t\t<h5 class=\"edgtf-st-title\" style=\"color: #f7ba10\">\n\t\t\t\tFUSION PRINT\t\t\t<\/h5>\n\t\t        \t\t\t\t\t<p class=\"edgtf-st-text\" >\n\t\t\t\tNa thermal \u00ae prestamos servi\u00e7os de reabilita\u00e7\u00e3o funcional e est\u00e9tica de edif\u00edcios. A nossa a\u00e7\u00e3o \u00e9 inspirada na abordagem hol\u00edstica ao edif\u00edcio, uma vis\u00e3o que contempla uma perspectiva sintetizada que resulta num servi\u00e7o global e integrado. As nossas interven\u00e7\u00f5es s\u00e3o guiadas pelo rigor t\u00e9cnico e pela escolha das op\u00e7\u00f5es que conduzam ao melhor compromisso custo\/benef\u00edcio. A sustentabilidade das nossas interven\u00e7\u00f5es garante o respeito pelo meio ambiente e pelos recursos naturais.<br \/>\nPronto para remodelar a sua casa? Contacte-nos!<br \/>\nOr\u00e7amento Gr\u00e1tis!\t\t\t<\/p>\n\t\t\t<\/div>\n<\/div><div class=\"edgtf-separator-holder clearfix  edgtf-separator-center \">\n\t<div class=\"edgtf-separator\" style=\"margin-top: 20px\"><\/div>\n<\/div>\n<a itemprop=\"url\" href=\"https:\/\/fusionprint.pt\" target=\"_blank\"  class=\"edgtf-btn edgtf-btn-small edgtf-btn-solid edgtf-btn-glow\"  >\n        <span class=\"edgtf-btn-text\">Learn more<\/span>\n        <\/a>[\/vc_column][\/vc_row][vc_row row_content_width=&#8221;grid&#8221; css=&#8221;.vc_custom_1664623968989{padding-top: 80px !important;}&#8221;][vc_column]<div class=\"edgtf-separator-holder clearfix  edgtf-separator-center \">\n\t<div class=\"edgtf-separator\" style=\"margin-top: 40px\"><\/div>\n<\/div>\n<div class=\"edgtf-section-title-holder  edgtf-st-standard \" style=\"text-align: left\">\n\t<div class=\"edgtf-st-inner\">\n\t\t\t\t\t<h3 class=\"edgtf-st-title\" style=\"color: #f7ba10\">\n\t\t\t\tPARTNERS\t\t\t<\/h3>\n\t\t        \t\t\t<\/div>\n<\/div><div class=\"edgtf-separator-holder clearfix  edgtf-separator-center \">\n\t<div class=\"edgtf-separator\" style=\"margin-top: 20px\"><\/div>\n<\/div>\n[\/vc_column][\/vc_row][vc_row disable_element=&#8221;yes&#8221; row_content_width=&#8221;grid&#8221;][vc_column width=&#8221;1\/2&#8243;][vc_single_image image=&#8221;4481&#8243; img_size=&#8221;full&#8221; alignment=&#8221;center&#8221;][\/vc_column][vc_column width=&#8221;1\/2&#8243;]<div class=\"edgtf-separator-holder clearfix  edgtf-separator-center \">\n\t<div class=\"edgtf-separator\" style=\"margin-top: 20px\"><\/div>\n<\/div>\n<div class=\"edgtf-section-title-holder  edgtf-st-standard \" style=\"text-align: left\">\n\t<div class=\"edgtf-st-inner\">\n\t\t\t\t\t<h5 class=\"edgtf-st-title\" style=\"color: #f7ba10\">\n\t\t\t\tFUSION PRINT\t\t\t<\/h5>\n\t\t        \t\t\t\t\t<p class=\"edgtf-st-text\" >\n\t\t\t\tOs nossos Servi\u00e7os: - Impress\u00e3o; - Estampagem; - Design e Brindes\t\t\t<\/p>\n\t\t\t<\/div>\n<\/div><div class=\"edgtf-separator-holder clearfix  edgtf-separator-center \">\n\t<div class=\"edgtf-separator\" style=\"margin-top: 20px\"><\/div>\n<\/div>\n<a itemprop=\"url\" href=\"https:\/\/fusionprint.pt\" target=\"_blank\"  class=\"edgtf-btn edgtf-btn-small edgtf-btn-solid edgtf-btn-glow\"  >\n        <span class=\"edgtf-btn-text\">Learn more<\/span>\n        <\/a>[\/vc_column][\/vc_row][vc_row][vc_column][vc_empty_space height=&#8221;20px&#8221;][\/vc_column][\/vc_row][vc_row row_content_width=&#8221;grid&#8221;][vc_column width=&#8221;1\/2&#8243;]<div class=\"edgtf-separator-holder clearfix  edgtf-separator-center \">\n\t<div class=\"edgtf-separator\" style=\"margin-top: 20px\"><\/div>\n<\/div>\n<div class=\"edgtf-section-title-holder  edgtf-st-standard \" style=\"text-align: left\">\n\t<div class=\"edgtf-st-inner\">\n\t\t\t\t\t<h5 class=\"edgtf-st-title\" style=\"color: #f7ba10\">\n\t\t\t\tQUOTAGEST\t\t\t<\/h5>\n\t\t        \t\t\t\t\t<p class=\"edgtf-st-text\" >\n\t\t\t\tQuotaGest \u00e9 um software que se destina \u00e0 gest\u00e3o de Associa\u00e7\u00f5es, Clubes e\/ou Colectividades; com um interface limpo, simples e intuitivo para qualquer utilizador.\t\t\t<\/p>\n\t\t\t<\/div>\n<\/div><div class=\"edgtf-separator-holder clearfix  edgtf-separator-center \">\n\t<div class=\"edgtf-separator\" style=\"margin-top: 20px\"><\/div>\n<\/div>\n<a itemprop=\"url\" href=\"https:\/\/www.quotagest.com\" target=\"_blank\"  class=\"edgtf-btn edgtf-btn-small edgtf-btn-solid edgtf-btn-glow\"  >\n        <span class=\"edgtf-btn-text\">Learn more<\/span>\n        <\/a><div class=\"edgtf-separator-holder clearfix  edgtf-separator-center \">\n\t<div class=\"edgtf-separator\" style=\"margin-top: 20px\"><\/div>\n<\/div>\n[\/vc_column][vc_column width=&#8221;1\/2&#8243;][vc_single_image image=&#8221;4495&#8243; img_size=&#8221;full&#8221; alignment=&#8221;center&#8221;][\/vc_column][\/vc_row][vc_row row_content_width=&#8221;grid&#8221; css=&#8221;.vc_custom_1664623968989{padding-top: 80px !important;}&#8221;][vc_column]<div class=\"edgtf-separator-holder clearfix  edgtf-separator-center \">\n\t<div class=\"edgtf-separator\" style=\"margin-top: 40px\"><\/div>\n<\/div>\n<div class=\"edgtf-section-title-holder  edgtf-st-standard \" style=\"text-align: left\">\n\t<div class=\"edgtf-st-inner\">\n\t\t\t\t\t<h3 class=\"edgtf-st-title\" style=\"color: #f7ba10\">\n\t\t\t\tAssociations\t\t\t<\/h3>\n\t\t        \t\t\t<\/div>\n<\/div><div class=\"edgtf-separator-holder clearfix  edgtf-separator-center \">\n\t<div class=\"edgtf-separator\" style=\"margin-top: 20px\"><\/div>\n<\/div>\n[\/vc_column][\/vc_row][vc_row row_content_width=&#8221;grid&#8221;][vc_column width=&#8221;1\/3&#8243; css=&#8221;.vc_custom_1664625697007{background-color: #17161b !important;}&#8221;][vc_single_image image=&#8221;4504&#8243; img_size=&#8221;full&#8221; alignment=&#8221;center&#8221;]<div class=\"edgtf-separator-holder clearfix  edgtf-separator-center \">\n\t<div class=\"edgtf-separator\" style=\"margin-top: 20px\"><\/div>\n<\/div>\n<div class=\"edgtf-section-title-holder  edgtf-st-standard \" style=\"text-align: left\">\n\t<div class=\"edgtf-st-inner\">\n\t\t\t\t\t<h5 class=\"edgtf-st-title\" style=\"color: #f7ba10\">\n\t\t\t\tFPESPORTS\t\t\t<\/h5>\n\t\t        \t\t\t\t\t<p class=\"edgtf-st-text\" >\n\t\t\t\tEleitos para o primeiro mandato 2017-2020, os Corpos Sociais desta nova entidade desportiva em Portugal ter\u00e3o desde logo o desafio de unir os agentes do desporto eletr\u00f3nico nacional.\t\t\t<\/p>\n\t\t\t<\/div>\n<\/div><div class=\"edgtf-separator-holder clearfix  edgtf-separator-center \">\n\t<div class=\"edgtf-separator\" style=\"margin-top: 20px\"><\/div>\n<\/div>\n<a itemprop=\"url\" href=\"https:\/\/fp-esports.pt\" target=\"_blank\"  class=\"edgtf-btn edgtf-btn-small edgtf-btn-solid edgtf-btn-glow\"  >\n        <span class=\"edgtf-btn-text\">Learn more<\/span>\n        <\/a><div class=\"edgtf-separator-holder clearfix  edgtf-separator-center \">\n\t<div class=\"edgtf-separator\" style=\"margin-top: 20px\"><\/div>\n<\/div>\n[\/vc_column][vc_column width=&#8221;1\/3&#8243;][\/vc_column][vc_column width=&#8221;1\/3&#8243;][\/vc_column][\/vc_row][vc_row][vc_column][vc_empty_space height=&#8221;140px&#8221;][\/vc_column][\/vc_row]<\/p>\n","protected":false},"excerpt":{"rendered":"<p>[vc_row row_content_width=&#8221;grid&#8221; css=&#8221;.vc_custom_1664622778057{padding-top: 140px !important;}&#8221;][vc_column][\/vc_column][\/vc_row][vc_row row_content_width=&#8221;grid&#8221; css=&#8221;.vc_custom_1664632504503{padding-top: 80px !important;}&#8221;][vc_column][vc_single_image image=&#8221;4465&#8243; img_size=&#8221;full&#8221; alignment=&#8221;center&#8221;][\/vc_column][\/vc_row][vc_row row_content_width=&#8221;grid&#8221; css=&#8221;.vc_custom_1664632504503{padding-top: 80px !important;}&#8221;][vc_column][vc_single_image image=&#8221;5239&#8243; img_size=&#8221;full&#8221; alignment=&#8221;center&#8221;][\/vc_column][\/vc_row][vc_row row_content_width=&#8221;grid&#8221; css=&#8221;.vc_custom_1664632504503{padding-top: 80px !important;}&#8221;][vc_column][vc_single_image image=&#8221;5243&#8243; img_size=&#8221;full&#8221; alignment=&#8221;center&#8221;][\/vc_column][\/vc_row][vc_row row_content_width=&#8221;grid&#8221; css=&#8221;.vc_custom_1664623968989{padding-top: 80px !important;}&#8221;][vc_column][\/vc_column][\/vc_row][vc_row disable_element=&#8221;yes&#8221; row_content_width=&#8221;grid&#8221;][vc_column width=&#8221;1\/2&#8243;][vc_single_image image=&#8221;4481&#8243; img_size=&#8221;full&#8221; alignment=&#8221;center&#8221;][\/vc_column][vc_column width=&#8221;1\/2&#8243;][\/vc_column][\/vc_row][vc_row][vc_column][vc_empty_space height=&#8221;20px&#8221;][\/vc_column][\/vc_row][vc_row row_content_width=&#8221;grid&#8221;][vc_column width=&#8221;1\/2&#8243;][\/vc_column][vc_column [&hellip;]<\/p>\n","protected":false},"author":1,"featured_media":0,"parent":0,"menu_order":0,"comment_status":"closed","ping_status":"closed","template":"full-width.php","meta":{"footnotes":""},"class_list":["post-4453","page","type-page","status-publish","hentry"],"jetpack_sharing_enabled":true,"_links":{"self":[{"href":"https:\/\/ptrangers.com\/index.php\/wp-json\/wp\/v2\/pages\/4453","targetHints":{"allow":["GET"]}}],"collection":[{"href":"https:\/\/ptrangers.com\/index.php\/wp-json\/wp\/v2\/pages"}],"about":[{"href":"https:\/\/ptrangers.com\/index.php\/wp-json\/wp\/v2\/types\/page"}],"author":[{"embeddable":true,"href":"https:\/\/ptrangers.com\/index.php\/wp-json\/wp\/v2\/users\/1"}],"replies":[{"embeddable":true,"href":"https:\/\/ptrangers.com\/index.php\/wp-json\/wp\/v2\/comments?post=4453"}],"version-history":[{"count":60,"href":"https:\/\/ptrangers.com\/index.php\/wp-json\/wp\/v2\/pages\/4453\/revisions"}],"predecessor-version":[{"id":5245,"href":"https:\/\/ptrangers.com\/index.php\/wp-json\/wp\/v2\/pages\/4453\/revisions\/5245"}],"wp:attachment":[{"href":"https:\/\/ptrangers.com\/index.php\/wp-json\/wp\/v2\/media?parent=4453"}],"curies":[{"name":"wp","href":"https:\/\/api.w.org\/{rel}","templated":true}]}}