{"id":3425,"date":"2022-06-18T09:26:31","date_gmt":"2022-06-18T09:26:31","guid":{"rendered":"https:\/\/new-wp.ptrangers.com\/?page_id=3425"},"modified":"2022-06-28T23:20:05","modified_gmt":"2022-06-28T23:20:05","slug":"historia-do-clan","status":"publish","type":"page","link":"https:\/\/ptrangers.com\/index.php\/historia-do-clan\/","title":{"rendered":"HIST\u00d3RIA DO CLAN"},"content":{"rendered":"<p>[vc_row row_content_width=&#8221;grid&#8221; disable_background_image=&#8221;&#8221; css=&#8221;.vc_custom_1655546259185{padding-top: 143px !important;padding-bottom: 143px !important;}&#8221; simple_background_image=&#8221;3432&#8243; background_image_position=&#8221;top right&#8221;][vc_column]<div class=\"edgtf-section-title-holder  edgtf-st-standard \" style=\"text-align: center\">\n\t<div class=\"edgtf-st-inner\">\n\t\t\t\t\t<h3 class=\"edgtf-st-title\" style=\"color: #f7ba10\">\n\t\t\t\tHist\u00f3ria do Clan\t\t\t<\/h3>\n\t\t        \t\t\t<\/div>\n<\/div>[vc_column_text]A g\u00e9nese dos Portuguese Rangers (PTRANGER) remonta ao final de 2004, quando o founder Spetnaz, um ex-jogador dos \u201cCriminals in Action\u201d, decidiu fundar um novo projeto no America\u2019s Army 2 (AA2), com o objetivos bem claros de a m\u00e9dio prazo, se tornar numa potencia nacional e numa refer\u00eancia europeia. Assente numa estrutura bem delimitada, a ideia era implementar uma vasta componente de lazer, que com o tempo permitisse sustentar uma verdadeira vertente competitiva.<\/p>\n<p>Em 2005 iniciaram a sua atividade competitiva, participando em diversas competi\u00e7\u00f5es da Teamwarfare League (TWL), para iniciar proje\u00e7\u00e3o do nome do clan, aumentando as probabilidades de recrutamento. Ainda em 2005, participou em algumas competi\u00e7\u00f5es nacionais patrocinadas pela Comunidade Portuguesa de AA2 (AAOPT), onde eram membros bastante ativos, mais uma vez com o objetivo de projetar e cimentar o nome dos PTRANGER no panorama nacional.<\/p>\n<p>Em 2006 come\u00e7am a aparecer os primeiros resultados competitivos, sobretudo em algumas ladders de segunda linha, que permitiu fomentar o \u201cbichinho\u201d competitivo sempre presente nos objetivos do ent\u00e3o clan portugu\u00eas de AA2. Tamb\u00e9m em 2006 dam-se dois enormes revezes no desenvolvimento do clan, com o abandono pouco amig\u00e1vel de 2 elementos bastante influentes no clan, sendo que um dele exercia \u00e0 data as fun\u00e7\u00f5es de l\u00edder do clan.<\/p>\n<p>Ap\u00f3s as li\u00e7\u00f5es negativas do ano anterior, 2007 acabaria por se tornar importante na implementa\u00e7\u00e3o nacional do clan, na medida em que com algumas restrutura\u00e7\u00f5es a n\u00edvel organizacional e a n\u00edvel competitivo, o clan passaria a focar-se mais na parte competitiva, iniciando-se aqui a constru\u00e7\u00e3o da equipa que viria a dominar toda a cena competitiva nacional a n\u00edvel do AA2, no futuro pr\u00f3ximo.<\/p>\n<p>Assim, em 2008, os resultados competitivos come\u00e7am a aparecer, inicialmente com a chegada a finais de v\u00e1rias competi\u00e7\u00f5es nacionais, e mais tarde com a chegada \u00e0 final da Open League da Season 6 da Cyber Athletic League (CAL), catapultando o clan para um patamar de pot\u00eancia nacional e de refer\u00eancia europeia no AA2, conforme fora definido na g\u00e9nese do clan, como um dos seus grandes objetivos.<\/p>\n<p>Contudo, o ano da consagra\u00e7\u00e3o apenas chegaria no ano seguinte, quando em 2009 passa a dominar o panorama nacional, vencendo v\u00e1rias lans e torneios a n\u00edvel competitivo, onde destacamos a vit\u00f3ria na 10\u00aa XLParty Kaspersky Americas Army Championship e na Liga da I AAOPT Lan Party, mas tamb\u00e9m porque \u00e0 data se tornara no clan portugu\u00eas de AA2 mais antigo ainda no ativo. Se a n\u00edvel nacional o dom\u00ednio era absoluto, a n\u00edvel europeu, a performance era id\u00eantica, tendo vencidos duas grandes ligas, nomeadamente a CNL Noobs Series 4v4 que \u00e0 data pelas equipas que participaram estava ao n\u00edvel de uma Open League de refer\u00eancia, mas em especial, pela vit\u00f3ria na SGL Premiership Season 10 4v4, que \u00e0 data foi tida como uma das principais Main League europeias.<\/p>\n<p>Por\u00e9m em 2009, nem tudo foi positivo. Devido ao sucesso do projeto, os Portuguese Rangers foram convidados a integrar uma multigaming nacional que se encontrava em ascens\u00e3o, os Paranoids eSports, que no entanto acabaria por n\u00e3o vingar devido a motivos alheios aos PTRANGER. Tamb\u00e9m em 2009, d\u00e1-se o lan\u00e7amento do America\u2019s Army 3(AA3) que viria a dividir a j\u00e1 pequena comunidade de jogadores de AA. Para arruinar ainda mais o jogo que apesar de estar a perder adeptos em p\u00fablicos, estava a ganhar equipas e for\u00e7a a n\u00edvel competitivo, o AA3 foi lan\u00e7ado muito prematuramente, sendo imposs\u00edvel jogar at\u00e9 ao lan\u00e7amento de v\u00e1rios updates corretivos, descredibilizando ainda mais o jogo, que viria no imediato a perder todas as competi\u00e7\u00f5es e a levar os PTRANGER a um per\u00edodos de hiberna\u00e7\u00e3o, onde a sua representatividade ao longo dos 4 anos seguintes, passou a ser residual por parte de alguns membros.<\/p>\n<p>Durante estes 5 longos anos, os Portuguese Rangers tiveram altos e baixos como qualquer outra organiza\u00e7\u00e3o, tendo no entanto mantido sempre o foco naqueles que eram os seus principais objetivos e princ\u00edpios, o que lhe permitiu atingir o topo nacional e internacional, superando as ambi\u00e7\u00f5es do seu fundador. Neste primeiro lan\u00e7amento passaram por este clan jogadores de topo e refer\u00eancias tais como Big, Ji, Mantus, Lcf, Mynder, Slipknot, Widow, Slb, Lifra, Frias, Pacman e Squila, todos sempre liderados pelo mesmo, o founder Spetnaz.<\/p>\n<p>Entre 2009 e 2013, os PTRANGER passaram por um per\u00edodo de alguma inatividade, estando o nome do clan apenas representado pelos membros que insistiam em usar a tag do clan nos jogos que passaram a jogar. Apesar disso, o clan fez quest\u00e3o de manter o site com toda a historia, tendo mesmo acompanhado a mudan\u00e7a dos tempos com a cria\u00e7\u00e3o do grupo oficial na Steam e a p\u00e1gina oficial no Facebook, sempre pelas m\u00e3os do fundador, e sempre com os mesmos dois motivos: manter acesa a chama dos Portuguese Rangers e manter vivo o passado de gloria do clan.<\/p>\n<p>Em 2013 com o lan\u00e7amento da nova vers\u00e3o do AA, o America\u2019s Army Proving Grounds (AAPG), v\u00e1rios antigos jogadores de AA regressaram \u00e0s origens para experimentar a nova joia da coroa, tendo nostalgicamente muitos antigos membros perguntado pelo \u201cvelho\u201d clan portugu\u00eas. Assim e depois de alguns desafios lan\u00e7ados, os PTRANGER voltam a ser reeditados no final desse mesmo ano, novamente pelas m\u00e3os do seu fundador, Spetnaz, mas desta feita com a ajuda de 3 novos elementos que muito auxiliaram \u00e0 concretiza\u00e7\u00e3o do novo projeto, Iceman, Amapower e Komayo.<\/p>\n<p>Em 2014 tal como na altura em 2005, o primeiro ano foi um ano de muitas adapta\u00e7\u00f5es e restrutura\u00e7\u00f5es na procura de um rumo est\u00e1vel, com um crescimento sustent\u00e1vel. Os objetivos e princ\u00edpios porem mantiveram-se inalterados, face aos objetivos e princ\u00edpios iniciais da g\u00e9nese do clan, onde novamente a m\u00e9dio prazo, se pretendia tornar os PTRANGER numa potencia nacional e numa refer\u00eancia europeia, sempre assente numa estrutura bem delimitada, onde a ideia era implementar uma vasta componente de lazer, que com o tempo permitisse sustentar uma verdadeira vertente competitiva.<\/p>\n<p>No ano de 2015 o clan j\u00e1 com uma estrutura bem implantada no panorama nacional de AAPG, come\u00e7ou gradualmente a surgir com frequ\u00eancia nas diversas competi\u00e7\u00f5es que iam aparecendo. Contudo e fruto de a TWL estar a passar por um per\u00edodo muito conturbado, a competi\u00e7\u00f5es existente era escassas e de pequena escala, o que levou a que apenas no final desse mesmo ano se come\u00e7asse a atingir a consist\u00eancia desejada nos resultados, concretizada com algumas finais e vit\u00f3rias em competi\u00e7\u00f5es de segunda linha, onde destacamos a final da ESL EU 5v5 Open League Summer (Eletronic Sports League).<\/p>\n<p>No entanto 2015 viria a tornar-se importante n\u00e3o apena pela vertente competitiva do AAPG, mas tamb\u00e9m pela vertente organizacional, visto ter sido no final desse ano que os PTRANGER, at\u00e9 ent\u00e3o unicamente um clan portugu\u00eas de AA, voltam a associar-se a um projeto multigaming, o Portugal Gaming, tornando-se na divis\u00e3o de FPS da nova multigaming. E \u00e9 por esse motivo, que a partir de 2015, os Portuguese Rangers passam a contar com uma equipa de Arma 3, liderada pelo Serialtasted, onde a equipa se dedica acima de tudo ao modo COOP.<\/p>\n<p>Em 2016, o projeto Portugal Gaming acaba por ruir, fazendo com que os Portuguese Rangers enquanto divis\u00e3o de FPS siga o seu pr\u00f3prio caminho, tendo no entanto mantido a sua vertente mutigaming exclusivamente para FPS. Assim sendo e ap\u00f3s a confraterniza\u00e7\u00e3o anual do clan, lan\u00e7ou-se o projeto de uma nova equipa, a de Rainbow Six Siege (R6), que viria a tornar-se na terceira equipa dos PTRANGER enquanto multigaming de FPS, liderada ent\u00e3o pelo Yokochima. Nesse mesmo ano, a equipa de AAPG voltaria a mostrar consist\u00eancia nos seus resultados, voltando a estar presente em mais uma serie de finais, onde destacamos a ESL EU 5v5 Winter Cup. Estava novamente, tal como no passado, atingido os objetivos do projeto, dominando toda a cena competitiva nacional e sendo uma das refer\u00eancias europeia do momento, sucesso alicer\u00e7ado numa vasta componente de lazer, que sustentava uma verdadeira vertente competitiva.<\/p>\n<p>Em 2017, a equipa de AAPG atinge a consagra\u00e7\u00e3o total a n\u00edvel europeu, vencendo a grande liga da TWL, TWL EU 5v5 Open League Season 1, que juntava toda a elite europeia, feito que quase viria a se repetir na segunda season da liga TWL, TWL EU 5v5 Invite League Season 2, onde mais uma vez atinge a final da Invite. No R6, a equipa dos PTRANGER tamb\u00e9m come\u00e7a a ganhar peso no panorama nacional, passando a ser uma refer\u00eancia no mesmo, complementando esse prestigio com a vit\u00f3ria na [PC] Rainbow6 Siege [PT\/PT] Cup 1. Ao n\u00edvel do eSports, os Portuguese Rangers adicionam uma quarta equipa ao seu role de equipas, passando a contar com o Counter Strike Global Ofensive (CSGO) como jogo oficial, sob a lideran\u00e7a do Prise.<\/p>\n<p>No entanto, este ano fica marcado acima de tudo ao n\u00edvel organizacional. A ent\u00e3o multigaming de FPS, volta a regenerar-se com o lan\u00e7amento de um novo projeto, que passa pela restrutura\u00e7\u00e3o de clan multigaming em clube eSports, naquele que \u00e9 at\u00e9 ent\u00e3o o projeto mais arrojado desta organiza\u00e7\u00e3o. Com este novo projeto, os objetivos que at\u00e9 ent\u00e3o perduraram desde a sua g\u00e9nese at\u00e9 a esse ano, deixam de fazer sentido na sua forma isolada, sendo necess\u00e1rio ir mais al\u00e9m para abra\u00e7ar a dimens\u00e3o que os Portuguese Rangers ambicionam. Assim e ainda durante o ano de 2017, foram escolhidos os \u00f3rg\u00e3os sociais e iniciados os trabalhos, num clube que agora ambiciona n\u00e3o s\u00f3 ser uma refer\u00eancia no eSports, mas tamb\u00e9m chegar ao mundo do Airsoft.<\/p>\n<p>Mais uma vez, durante estes 5 longos anos, os Portuguese Rangers tiveram novamente altos e baixos como qualquer outra organiza\u00e7\u00e3o. Mais uma vez, o sucesso do seu projeto e do seu nome chegou al\u00e9m do ambicionado, garantido por objetivos e princ\u00edpios bem delineados, mas acima de tudo por um grupo not\u00e1vel de jogadores e de referencias que ao longo do tempo passaram nesta casa, onde voltamos a destacar alguns deles tais como Incha, Pacman, Nixon, Mitus, Yokochima, Tuga, Qrz, Asanegra, Arkeiro, Noorie, Iceman, Grou, Prise e Psycho, todos sempre liderados pelo mesmo, o founder Spetnaz.[\/vc_column_text][\/vc_column][\/vc_row]<\/p>\n","protected":false},"excerpt":{"rendered":"<p>[vc_row row_content_width=&#8221;grid&#8221; disable_background_image=&#8221;&#8221; css=&#8221;.vc_custom_1655546259185{padding-top: 143px !important;padding-bottom: 143px !important;}&#8221; simple_background_image=&#8221;3432&#8243; background_image_position=&#8221;top right&#8221;][vc_column][vc_column_text]A g\u00e9nese dos Portuguese Rangers (PTRANGER) remonta ao final de 2004, quando o founder Spetnaz, um ex-jogador dos \u201cCriminals in Action\u201d, decidiu fundar um novo projeto no America\u2019s Army 2 [&hellip;]<\/p>\n","protected":false},"author":1,"featured_media":0,"parent":0,"menu_order":0,"comment_status":"closed","ping_status":"closed","template":"full-width.php","meta":{"footnotes":""},"class_list":["post-3425","page","type-page","status-publish","hentry"],"jetpack_sharing_enabled":true,"_links":{"self":[{"href":"https:\/\/ptrangers.com\/index.php\/wp-json\/wp\/v2\/pages\/3425","targetHints":{"allow":["GET"]}}],"collection":[{"href":"https:\/\/ptrangers.com\/index.php\/wp-json\/wp\/v2\/pages"}],"about":[{"href":"https:\/\/ptrangers.com\/index.php\/wp-json\/wp\/v2\/types\/page"}],"author":[{"embeddable":true,"href":"https:\/\/ptrangers.com\/index.php\/wp-json\/wp\/v2\/users\/1"}],"replies":[{"embeddable":true,"href":"https:\/\/ptrangers.com\/index.php\/wp-json\/wp\/v2\/comments?post=3425"}],"version-history":[{"count":4,"href":"https:\/\/ptrangers.com\/index.php\/wp-json\/wp\/v2\/pages\/3425\/revisions"}],"predecessor-version":[{"id":3434,"href":"https:\/\/ptrangers.com\/index.php\/wp-json\/wp\/v2\/pages\/3425\/revisions\/3434"}],"wp:attachment":[{"href":"https:\/\/ptrangers.com\/index.php\/wp-json\/wp\/v2\/media?parent=3425"}],"curies":[{"name":"wp","href":"https:\/\/api.w.org\/{rel}","templated":true}]}}