{"id":3406,"date":"2022-06-18T07:52:23","date_gmt":"2022-06-18T07:52:23","guid":{"rendered":"https:\/\/new-wp.ptrangers.com\/?page_id=3406"},"modified":"2025-06-16T19:17:26","modified_gmt":"2025-06-16T19:17:26","slug":"a-associacao","status":"publish","type":"page","link":"https:\/\/ptrangers.com\/index.php\/a-associacao\/","title":{"rendered":"A ASSOCIA\u00c7\u00c3O"},"content":{"rendered":"<p>[vc_row row_content_width=&#8221;grid&#8221; css=&#8221;.vc_custom_1655543545058{padding-top: 143px !important;padding-bottom: 143px !important;}&#8221;][vc_column width=&#8221;4\/5&#8243;]<div class=\"edgtf-section-title-holder  edgtf-st-standard \" style=\"text-align: left\">\n\t<div class=\"edgtf-st-inner\">\n\t\t\t\t\t<h3 class=\"edgtf-st-title\" style=\"color: #f7ba10\">\n\t\t\t\tCOMO NASCEU O NOSSO CLUBE\t\t\t<\/h3>\n\t\t        \t\t\t\t\t<p class=\"edgtf-st-text\" >\n\t\t\t\tA g\u00e9nese dos Portuguese Rangers (PTRANGER) remonta ao final de 2004, quando o founder Spetnaz, um ex-jogador dos \u201cCriminals in Action\u201d, decidiu fundar um novo projeto.<br \/>\nSendo oficialmente fundado a 22 de Novembro de 2019, atrav\u00e9s de uma associa\u00e7\u00e3o denominada PORTUGUESE RANGERS ESPORTS CLUB.<br \/>\nAos dezesseis dias do m\u00eas de novembro de dois mil e dezanove, pelas treze horas e trinta minutos, vinte amigos que j\u00e1 vinham trabalhando nesta ideia desde dois mil e dezassete, tomaram posse da associa\u00e7\u00e3o e s\u00e3o ent\u00e3o considerados os s\u00f3cios fundadores.\t\t\t<\/p>\n\t\t\t<\/div>\n<\/div>[\/vc_column][vc_column width=&#8221;1\/5&#8243;][\/vc_column][\/vc_row][vc_row row_content_width=&#8221;grid&#8221;][vc_column width=&#8221;1\/5&#8243;][\/vc_column][vc_column width=&#8221;4\/5&#8243;]<div class=\"edgtf-section-title-holder  edgtf-st-standard \" style=\"text-align: right\">\n\t<div class=\"edgtf-st-inner\">\n\t\t\t\t\t<h3 class=\"edgtf-st-title\" style=\"color: #f7ba10\">\n\t\t\t\tA EVOLU\u00c7\u00c3O DO NOSSO SIMBOLO\t\t\t<\/h3>\n\t\t        \t\t\t\t\t<p class=\"edgtf-st-text\" >\n\t\t\t\tAt\u00e9 \u00e0 funda\u00e7\u00e3o oficial da nossa associa\u00e7\u00e3o, usamos diferentes s\u00edmbolos pelos quais somos reconhecidos.\t\t\t<\/p>\n\t\t\t<\/div>\n<\/div>[\/vc_column][\/vc_row][vc_row css=&#8221;.vc_custom_1655543649025{padding-bottom: 143px !important;}&#8221;][vc_column][vc_single_image image=&#8221;5593&#8243; img_size=&#8221;full&#8221; alignment=&#8221;center&#8221;][\/vc_column][\/vc_row][vc_row row_content_width=&#8221;grid&#8221; css=&#8221;.vc_custom_1655645671785{padding-top: 143px !important;}&#8221;][vc_column width=&#8221;4\/5&#8243;]<div class=\"edgtf-section-title-holder  edgtf-st-standard \" style=\"text-align: left\">\n\t<div class=\"edgtf-st-inner\">\n\t\t\t\t\t<h3 class=\"edgtf-st-title\" style=\"color: #f7ba10\">\n\t\t\t\tESTRUTURA EM N\u00daMEROS\t\t\t<\/h3>\n\t\t        \t\t\t<\/div>\n<\/div>[\/vc_column][vc_column width=&#8221;1\/5&#8243;][\/vc_column][\/vc_row][vc_row row_content_width=&#8221;grid&#8221; content_text_aligment=&#8221;left&#8221; css=&#8221;.vc_custom_1655645931370{padding-top: 10px !important;}&#8221;][vc_column width=&#8221;1\/3&#8243;]<div class=\"edgtf-counter-holder \">\n\t<div class=\"edgtf-counter-inner\">\n\t\t\t\t\t<span class=\"edgtf-counter edgtf-zero-counter\" >75<\/span>\n\t\t\t\t\t\t\t<h6 class=\"edgtf-counter-title\" >\n\t\t\t\tJOGADORES\t\t\t<\/h6>\n\t\t\t\t\t<\/div>\n<\/div>[\/vc_column][vc_column width=&#8221;1\/3&#8243;]<div class=\"edgtf-counter-holder \">\n\t<div class=\"edgtf-counter-inner\">\n\t\t\t\t\t<span class=\"edgtf-counter edgtf-zero-counter\" >7<\/span>\n\t\t\t\t\t\t\t<h6 class=\"edgtf-counter-title\" >\n\t\t\t\tCOLABORADOES\t\t\t<\/h6>\n\t\t\t\t\t<\/div>\n<\/div>[\/vc_column][vc_column width=&#8221;1\/3&#8243;]<div class=\"edgtf-counter-holder \">\n\t<div class=\"edgtf-counter-inner\">\n\t\t\t\t\t<span class=\"edgtf-counter edgtf-zero-counter\" >28<\/span>\n\t\t\t\t\t\t\t<h6 class=\"edgtf-counter-title\" >\n\t\t\t\tS\u00d3CIOS\t\t\t<\/h6>\n\t\t\t\t\t<\/div>\n<\/div>[\/vc_column][\/vc_row][vc_row row_content_width=&#8221;grid&#8221; css=&#8221;.vc_custom_1655645689003{padding-top: 140px !important;}&#8221;][vc_column]<div class=\"edgtf-section-title-holder  edgtf-st-standard \" style=\"text-align: center\">\n\t<div class=\"edgtf-st-inner\">\n\t\t\t\t\t<h3 class=\"edgtf-st-title\" style=\"color: #f7ba10\">\n\t\t\t\tCOLABORADORES\t\t\t<\/h3>\n\t\t        \t\t\t\t\t<p class=\"edgtf-st-text\" >\n\t\t\t\tConhece a nossa Equipa\t\t\t<\/p>\n\t\t\t<\/div>\n<\/div>[\/vc_column][\/vc_row][vc_row row_content_width=&#8221;grid&#8221; css=&#8221;.vc_custom_1656166737820{padding-top: 30px !important;}&#8221; simple_background_color=&#8221;#17161a&#8221;][vc_column offset=&#8221;vc_col-lg-offset-0 vc_col-lg-4 vc_col-md-offset-0 vc_col-md-4 vc_col-sm-offset-0 vc_col-xs-12&#8243;]<div class=\"edgtf-tabs tabs-without-padding edgtf-tabs-standard \">\n\t<ul class=\"edgtf-tabs-nav clearfix\">\n\t\t\t\t\t<li>\n\t\t\t\t\t\t\t\t\t<a href=\"#tab-ceo-founder\">CEO &amp; FOUNDER<\/a>\n\t\t\t\t\t\t\t<\/li>\n\t\t\t<\/ul>\n\t<div class=\"edgtf-tab-container\" id=\"tab-ceo-founder-814\"><div class=\"edgtf-team-holder edgtf-team-info-below-image \">\n\t<div class=\"edgtf-team-inner\">\n\t\t\t\t\t<div class=\"edgtf-team-image\">\n                                <img loading=\"lazy\" decoding=\"async\" width=\"800\" height=\"800\" src=\"https:\/\/ptrangers.com\/wp-content\/uploads\/2022\/06\/modelo-staff-logo-60.png\" class=\"attachment-full size-full\" alt=\"\" srcset=\"https:\/\/ptrangers.com\/wp-content\/uploads\/2022\/06\/modelo-staff-logo-60.png 800w, https:\/\/ptrangers.com\/wp-content\/uploads\/2022\/06\/modelo-staff-logo-60-300x300.png 300w, https:\/\/ptrangers.com\/wp-content\/uploads\/2022\/06\/modelo-staff-logo-60-150x150.png 150w, https:\/\/ptrangers.com\/wp-content\/uploads\/2022\/06\/modelo-staff-logo-60-768x768.png 768w, https:\/\/ptrangers.com\/wp-content\/uploads\/2022\/06\/modelo-staff-logo-60-550x550.png 550w, https:\/\/ptrangers.com\/wp-content\/uploads\/2022\/06\/modelo-staff-logo-60-600x600.png 600w, https:\/\/ptrangers.com\/wp-content\/uploads\/2022\/06\/modelo-staff-logo-60-100x100.png 100w\" sizes=\"auto, (max-width: 800px) 100vw, 800px\" \/>\t\t\t<\/div>\n\t\t\t\t<div class=\"edgtf-team-info\">\n\t\t\t\t\t\t\t<h5 class=\"edgtf-team-name\" style=\"color: #eeee22\">\n                                            SPET                                    <\/h5>\n\t\t\t\t\t\t\t\t\t\t<p class=\"edgtf-team-position\" >Ricardo Vieira<\/p>\n\t\t\t\t\t\t\t\t\t\t<p class=\"edgtf-team-text\" >Events Manager - Community Director<\/p>\n\t\t\t\t\t\t\t\t\t\t<div class=\"edgtf-team-social-holder\">\n\t\t\t\t\t\t\t\t\t\t\t<span class=\"edgtf-team-icon\">    <span class=\"edgtf-icon-shortcode edgtf-normal   \">\n                    <a class=\"\" href=\"https:\/\/twitter.com\/\" target=\"_blank\">\n                    <i class=\"edgtf-icon-font-awesome fab fa-twitter-square edgtf-icon-element\"><\/i>                    <\/a>\n            <\/span>\n<\/span>\n\t\t\t\t\t\t\t\t\t\t\t<span class=\"edgtf-team-icon\">    <span class=\"edgtf-icon-shortcode edgtf-normal   \">\n                    <a class=\"\" href=\"https:\/\/www.youtube.com\" target=\"_blank\">\n                    <i class=\"edgtf-icon-font-awesome fab fa-youtube edgtf-icon-element\"><\/i>                    <\/a>\n            <\/span>\n<\/span>\n\t\t\t\t\t\t\t\t\t\t\t<span class=\"edgtf-team-icon\">    <span class=\"edgtf-icon-shortcode edgtf-normal   \">\n                    <a class=\"\" href=\"https:\/\/www.twitch.tv\" target=\"_blank\">\n                    <i class=\"edgtf-icon-font-awesome fab fa-twitch edgtf-icon-element\"><\/i>                    <\/a>\n            <\/span>\n<\/span>\n\t\t\t\t\t\t\t\t\t<\/div>\n\t\t\t\t\t<\/div>\n\t<\/div>\n<\/div><\/div><\/div>[vc_empty_space height=&#8221;30px&#8221;][\/vc_column][vc_column offset=&#8221;vc_col-lg-offset-0 vc_col-lg-4 vc_col-md-offset-0 vc_col-md-4 vc_col-sm-offset-0 vc_col-xs-12&#8243;]<div class=\"edgtf-tabs tabs-without-padding edgtf-tabs-standard \">\n\t<ul class=\"edgtf-tabs-nav clearfix\">\n\t\t\t\t\t<li>\n\t\t\t\t\t\t\t\t\t<a href=\"#tab-cfo-co-founder\">CFO &amp; CO FOUNDER<\/a>\n\t\t\t\t\t\t\t<\/li>\n\t\t\t<\/ul>\n\t<div class=\"edgtf-tab-container\" id=\"tab-cfo-co-founder-941\"><div class=\"edgtf-team-holder edgtf-team-info-below-image \">\n\t<div class=\"edgtf-team-inner\">\n\t\t\t\t\t<div class=\"edgtf-team-image\">\n                                <img loading=\"lazy\" decoding=\"async\" width=\"800\" height=\"800\" src=\"https:\/\/ptrangers.com\/wp-content\/uploads\/2022\/06\/modelo-staff-logo-60.png\" class=\"attachment-full size-full\" alt=\"\" srcset=\"https:\/\/ptrangers.com\/wp-content\/uploads\/2022\/06\/modelo-staff-logo-60.png 800w, https:\/\/ptrangers.com\/wp-content\/uploads\/2022\/06\/modelo-staff-logo-60-300x300.png 300w, https:\/\/ptrangers.com\/wp-content\/uploads\/2022\/06\/modelo-staff-logo-60-150x150.png 150w, https:\/\/ptrangers.com\/wp-content\/uploads\/2022\/06\/modelo-staff-logo-60-768x768.png 768w, https:\/\/ptrangers.com\/wp-content\/uploads\/2022\/06\/modelo-staff-logo-60-550x550.png 550w, https:\/\/ptrangers.com\/wp-content\/uploads\/2022\/06\/modelo-staff-logo-60-600x600.png 600w, https:\/\/ptrangers.com\/wp-content\/uploads\/2022\/06\/modelo-staff-logo-60-100x100.png 100w\" sizes=\"auto, (max-width: 800px) 100vw, 800px\" \/>\t\t\t<\/div>\n\t\t\t\t<div class=\"edgtf-team-info\">\n\t\t\t\t\t\t\t<h5 class=\"edgtf-team-name\" style=\"color: #eeee22\">\n                                            incha                                    <\/h5>\n\t\t\t\t\t\t\t\t\t\t<p class=\"edgtf-team-position\" >Oseias Santos<\/p>\n\t\t\t\t\t\t\t\t\t\t<p class=\"edgtf-team-text\" >Events Manager - Chief Financial Officer<\/p>\n\t\t\t\t\t\t\t\t\t\t<div class=\"edgtf-team-social-holder\">\n\t\t\t\t\t\t\t\t\t\t\t<span class=\"edgtf-team-icon\">    <span class=\"edgtf-icon-shortcode edgtf-normal   \">\n                    <a class=\"\" href=\"https:\/\/twitter.com\/\" target=\"_blank\">\n                    <i class=\"edgtf-icon-font-awesome fab fa-twitter-square edgtf-icon-element\"><\/i>                    <\/a>\n            <\/span>\n<\/span>\n\t\t\t\t\t\t\t\t\t\t\t<span class=\"edgtf-team-icon\">    <span class=\"edgtf-icon-shortcode edgtf-normal   \">\n                    <a class=\"\" href=\"https:\/\/www.youtube.com\" target=\"_blank\">\n                    <i class=\"edgtf-icon-font-awesome fab fa-youtube edgtf-icon-element\"><\/i>                    <\/a>\n            <\/span>\n<\/span>\n\t\t\t\t\t\t\t\t\t\t\t<span class=\"edgtf-team-icon\">    <span class=\"edgtf-icon-shortcode edgtf-normal   \">\n                    <a class=\"\" href=\"https:\/\/www.twitch.tv\" target=\"_blank\">\n                    <i class=\"edgtf-icon-font-awesome fab fa-twitch edgtf-icon-element\"><\/i>                    <\/a>\n            <\/span>\n<\/span>\n\t\t\t\t\t\t\t\t\t<\/div>\n\t\t\t\t\t<\/div>\n\t<\/div>\n<\/div><\/div><\/div>[vc_empty_space height=&#8221;30px&#8221;][\/vc_column][vc_column offset=&#8221;vc_col-lg-offset-0 vc_col-lg-4 vc_col-md-offset-0 vc_col-md-4 vc_col-sm-offset-0 vc_col-xs-12&#8243;]<div class=\"edgtf-tabs tabs-without-padding edgtf-tabs-standard \">\n\t<ul class=\"edgtf-tabs-nav clearfix\">\n\t\t\t\t\t<li>\n\t\t\t\t\t\t\t\t\t<a href=\"#tab-coo-co-founder\">COO &amp; CO FOUNDER<\/a>\n\t\t\t\t\t\t\t<\/li>\n\t\t\t<\/ul>\n\t<div class=\"edgtf-tab-container\" id=\"tab-coo-co-founder-306\"><div class=\"edgtf-team-holder edgtf-team-info-below-image \">\n\t<div class=\"edgtf-team-inner\">\n\t\t\t\t\t<div class=\"edgtf-team-image\">\n                                <img loading=\"lazy\" decoding=\"async\" width=\"800\" height=\"800\" src=\"https:\/\/ptrangers.com\/wp-content\/uploads\/2022\/06\/modelo-staff-logo-60.png\" class=\"attachment-full size-full\" alt=\"\" srcset=\"https:\/\/ptrangers.com\/wp-content\/uploads\/2022\/06\/modelo-staff-logo-60.png 800w, https:\/\/ptrangers.com\/wp-content\/uploads\/2022\/06\/modelo-staff-logo-60-300x300.png 300w, https:\/\/ptrangers.com\/wp-content\/uploads\/2022\/06\/modelo-staff-logo-60-150x150.png 150w, https:\/\/ptrangers.com\/wp-content\/uploads\/2022\/06\/modelo-staff-logo-60-768x768.png 768w, https:\/\/ptrangers.com\/wp-content\/uploads\/2022\/06\/modelo-staff-logo-60-550x550.png 550w, https:\/\/ptrangers.com\/wp-content\/uploads\/2022\/06\/modelo-staff-logo-60-600x600.png 600w, https:\/\/ptrangers.com\/wp-content\/uploads\/2022\/06\/modelo-staff-logo-60-100x100.png 100w\" sizes=\"auto, (max-width: 800px) 100vw, 800px\" \/>\t\t\t<\/div>\n\t\t\t\t<div class=\"edgtf-team-info\">\n\t\t\t\t\t\t\t<h5 class=\"edgtf-team-name\" style=\"color: #eeee22\">\n                                            Dr.Ice                                    <\/h5>\n\t\t\t\t\t\t\t\t\t\t<p class=\"edgtf-team-position\" >Nuno Baptista<\/p>\n\t\t\t\t\t\t\t\t\t\t<p class=\"edgtf-team-text\" >Events Manager - Chief Operating Officer<\/p>\n\t\t\t\t\t\t\t\t\t\t<div class=\"edgtf-team-social-holder\">\n\t\t\t\t\t\t\t\t\t\t\t<span class=\"edgtf-team-icon\">    <span class=\"edgtf-icon-shortcode edgtf-normal   \">\n                    <a class=\"\" href=\"https:\/\/twitter.com\/\" target=\"_blank\">\n                    <i class=\"edgtf-icon-font-awesome fab fa-twitter-square edgtf-icon-element\"><\/i>                    <\/a>\n            <\/span>\n<\/span>\n\t\t\t\t\t\t\t\t\t\t\t<span class=\"edgtf-team-icon\">    <span class=\"edgtf-icon-shortcode edgtf-normal   \">\n                    <a class=\"\" href=\"https:\/\/www.youtube.com\" target=\"_blank\">\n                    <i class=\"edgtf-icon-font-awesome fab fa-youtube edgtf-icon-element\"><\/i>                    <\/a>\n            <\/span>\n<\/span>\n\t\t\t\t\t\t\t\t\t\t\t<span class=\"edgtf-team-icon\">    <span class=\"edgtf-icon-shortcode edgtf-normal   \">\n                    <a class=\"\" href=\"https:\/\/www.twitch.tv\" target=\"_blank\">\n                    <i class=\"edgtf-icon-font-awesome fab fa-twitch edgtf-icon-element\"><\/i>                    <\/a>\n            <\/span>\n<\/span>\n\t\t\t\t\t\t\t\t\t<\/div>\n\t\t\t\t\t<\/div>\n\t<\/div>\n<\/div><\/div><\/div>[vc_empty_space height=&#8221;30px&#8221;][\/vc_column][\/vc_row][vc_row row_content_width=&#8221;grid&#8221; css=&#8221;.vc_custom_1656166734380{padding-bottom: 110px !important;}&#8221; simple_background_color=&#8221;#17161a&#8221;][vc_column offset=&#8221;vc_col-lg-offset-0 vc_col-lg-4 vc_col-md-offset-0 vc_col-md-4 vc_col-sm-offset-0 vc_col-xs-12&#8243;]<div class=\"edgtf-tabs tabs-without-padding edgtf-tabs-standard \">\n\t<ul class=\"edgtf-tabs-nav clearfix\">\n\t\t\t\t\t<li>\n\t\t\t\t\t\t\t\t\t<a href=\"#tab-cmo\">CMO<\/a>\n\t\t\t\t\t\t\t<\/li>\n\t\t\t<\/ul>\n\t<div class=\"edgtf-tab-container\" id=\"tab-cmo-710\"><div class=\"edgtf-team-holder edgtf-team-info-below-image \">\n\t<div class=\"edgtf-team-inner\">\n\t\t\t\t\t<div class=\"edgtf-team-image\">\n                                <img loading=\"lazy\" decoding=\"async\" width=\"800\" height=\"800\" src=\"https:\/\/ptrangers.com\/wp-content\/uploads\/2022\/06\/modelo-staff-logo-60.png\" class=\"attachment-full size-full\" alt=\"\" srcset=\"https:\/\/ptrangers.com\/wp-content\/uploads\/2022\/06\/modelo-staff-logo-60.png 800w, https:\/\/ptrangers.com\/wp-content\/uploads\/2022\/06\/modelo-staff-logo-60-300x300.png 300w, https:\/\/ptrangers.com\/wp-content\/uploads\/2022\/06\/modelo-staff-logo-60-150x150.png 150w, https:\/\/ptrangers.com\/wp-content\/uploads\/2022\/06\/modelo-staff-logo-60-768x768.png 768w, https:\/\/ptrangers.com\/wp-content\/uploads\/2022\/06\/modelo-staff-logo-60-550x550.png 550w, https:\/\/ptrangers.com\/wp-content\/uploads\/2022\/06\/modelo-staff-logo-60-600x600.png 600w, https:\/\/ptrangers.com\/wp-content\/uploads\/2022\/06\/modelo-staff-logo-60-100x100.png 100w\" sizes=\"auto, (max-width: 800px) 100vw, 800px\" \/>\t\t\t<\/div>\n\t\t\t\t<div class=\"edgtf-team-info\">\n\t\t\t\t\t\t\t<h5 class=\"edgtf-team-name\" style=\"color: #eeee22\">\n                                            Toshyma                                    <\/h5>\n\t\t\t\t\t\t\t\t\t\t<p class=\"edgtf-team-position\" >Paulo Neves<\/p>\n\t\t\t\t\t\t\t\t\t\t<p class=\"edgtf-team-text\" >Chief Marketing Officer<\/p>\n\t\t\t\t\t\t\t\t\t\t<div class=\"edgtf-team-social-holder\">\n\t\t\t\t\t\t\t\t\t\t\t<span class=\"edgtf-team-icon\">    <span class=\"edgtf-icon-shortcode edgtf-normal   \">\n                    <a class=\"\" href=\"https:\/\/twitter.com\/\" target=\"_blank\">\n                    <i class=\"edgtf-icon-font-awesome fab fa-twitter-square edgtf-icon-element\"><\/i>                    <\/a>\n            <\/span>\n<\/span>\n\t\t\t\t\t\t\t\t\t\t\t<span class=\"edgtf-team-icon\">    <span class=\"edgtf-icon-shortcode edgtf-normal   \">\n                    <a class=\"\" href=\"https:\/\/www.youtube.com\" target=\"_blank\">\n                    <i class=\"edgtf-icon-font-awesome fab fa-youtube edgtf-icon-element\"><\/i>                    <\/a>\n            <\/span>\n<\/span>\n\t\t\t\t\t\t\t\t\t\t\t<span class=\"edgtf-team-icon\">    <span class=\"edgtf-icon-shortcode edgtf-normal   \">\n                    <a class=\"\" href=\"https:\/\/www.twitch.tv\" target=\"_blank\">\n                    <i class=\"edgtf-icon-font-awesome fab fa-twitch edgtf-icon-element\"><\/i>                    <\/a>\n            <\/span>\n<\/span>\n\t\t\t\t\t\t\t\t\t<\/div>\n\t\t\t\t\t<\/div>\n\t<\/div>\n<\/div><\/div><\/div>[vc_empty_space height=&#8221;30px&#8221;][\/vc_column][vc_column offset=&#8221;vc_col-lg-offset-0 vc_col-lg-4 vc_col-md-offset-0 vc_col-md-4 vc_col-sm-offset-0 vc_col-xs-12&#8243;]<div class=\"edgtf-tabs tabs-without-padding edgtf-tabs-standard \">\n\t<ul class=\"edgtf-tabs-nav clearfix\">\n\t\t\t\t\t<li>\n\t\t\t\t\t\t\t\t\t<a href=\"#tab-cio\">CIO<\/a>\n\t\t\t\t\t\t\t<\/li>\n\t\t\t<\/ul>\n\t<div class=\"edgtf-tab-container\" id=\"tab-cio-638\"><div class=\"edgtf-team-holder edgtf-team-info-below-image \">\n\t<div class=\"edgtf-team-inner\">\n\t\t\t\t\t<div class=\"edgtf-team-image\">\n                                <img loading=\"lazy\" decoding=\"async\" width=\"800\" height=\"800\" src=\"https:\/\/ptrangers.com\/wp-content\/uploads\/2022\/06\/modelo-staff-logo-60.png\" class=\"attachment-full size-full\" alt=\"\" srcset=\"https:\/\/ptrangers.com\/wp-content\/uploads\/2022\/06\/modelo-staff-logo-60.png 800w, https:\/\/ptrangers.com\/wp-content\/uploads\/2022\/06\/modelo-staff-logo-60-300x300.png 300w, https:\/\/ptrangers.com\/wp-content\/uploads\/2022\/06\/modelo-staff-logo-60-150x150.png 150w, https:\/\/ptrangers.com\/wp-content\/uploads\/2022\/06\/modelo-staff-logo-60-768x768.png 768w, https:\/\/ptrangers.com\/wp-content\/uploads\/2022\/06\/modelo-staff-logo-60-550x550.png 550w, https:\/\/ptrangers.com\/wp-content\/uploads\/2022\/06\/modelo-staff-logo-60-600x600.png 600w, https:\/\/ptrangers.com\/wp-content\/uploads\/2022\/06\/modelo-staff-logo-60-100x100.png 100w\" sizes=\"auto, (max-width: 800px) 100vw, 800px\" \/>\t\t\t<\/div>\n\t\t\t\t<div class=\"edgtf-team-info\">\n\t\t\t\t\t\t\t<h5 class=\"edgtf-team-name\" style=\"color: #eeee22\">\n                                            ASCrespo                                    <\/h5>\n\t\t\t\t\t\t\t\t\t\t<p class=\"edgtf-team-position\" >Aquiles Crespo<\/p>\n\t\t\t\t\t\t\t\t\t\t<p class=\"edgtf-team-text\" >Chief Infrastructures Officer<\/p>\n\t\t\t\t\t\t\t\t\t\t<div class=\"edgtf-team-social-holder\">\n\t\t\t\t\t\t\t\t\t\t\t<span class=\"edgtf-team-icon\">    <span class=\"edgtf-icon-shortcode edgtf-normal   \">\n                    <a class=\"\" href=\"https:\/\/twitter.com\/\" target=\"_blank\">\n                    <i class=\"edgtf-icon-font-awesome fab fa-twitter-square edgtf-icon-element\"><\/i>                    <\/a>\n            <\/span>\n<\/span>\n\t\t\t\t\t\t\t\t\t\t\t<span class=\"edgtf-team-icon\">    <span class=\"edgtf-icon-shortcode edgtf-normal   \">\n                    <a class=\"\" href=\"https:\/\/www.youtube.com\" target=\"_blank\">\n                    <i class=\"edgtf-icon-font-awesome fab fa-youtube edgtf-icon-element\"><\/i>                    <\/a>\n            <\/span>\n<\/span>\n\t\t\t\t\t\t\t\t\t\t\t<span class=\"edgtf-team-icon\">    <span class=\"edgtf-icon-shortcode edgtf-normal   \">\n                    <a class=\"\" href=\"https:\/\/www.twitch.tv\" target=\"_blank\">\n                    <i class=\"edgtf-icon-font-awesome fab fa-twitch edgtf-icon-element\"><\/i>                    <\/a>\n            <\/span>\n<\/span>\n\t\t\t\t\t\t\t\t\t<\/div>\n\t\t\t\t\t<\/div>\n\t<\/div>\n<\/div><\/div><\/div>[vc_empty_space height=&#8221;30px&#8221;][\/vc_column][vc_column offset=&#8221;vc_col-lg-offset-0 vc_col-lg-4 vc_col-md-offset-0 vc_col-md-4 vc_col-sm-offset-0 vc_col-xs-12&#8243;][\/vc_column][vc_column][\/vc_column][\/vc_row]<\/p>\n","protected":false},"excerpt":{"rendered":"<p>[vc_row row_content_width=&#8221;grid&#8221; css=&#8221;.vc_custom_1655543545058{padding-top: 143px !important;padding-bottom: 143px !important;}&#8221;][vc_column width=&#8221;4\/5&#8243;][\/vc_column][vc_column width=&#8221;1\/5&#8243;][\/vc_column][\/vc_row][vc_row row_content_width=&#8221;grid&#8221;][vc_column width=&#8221;1\/5&#8243;][\/vc_column][vc_column width=&#8221;4\/5&#8243;][\/vc_column][\/vc_row][vc_row css=&#8221;.vc_custom_1655543649025{padding-bottom: 143px !important;}&#8221;][vc_column][vc_single_image image=&#8221;5593&#8243; img_size=&#8221;full&#8221; alignment=&#8221;center&#8221;][\/vc_column][\/vc_row][vc_row row_content_width=&#8221;grid&#8221; css=&#8221;.vc_custom_1655645671785{padding-top: 143px !important;}&#8221;][vc_column width=&#8221;4\/5&#8243;][\/vc_column][vc_column width=&#8221;1\/5&#8243;][\/vc_column][\/vc_row][vc_row row_content_width=&#8221;grid&#8221; content_text_aligment=&#8221;left&#8221; css=&#8221;.vc_custom_1655645931370{padding-top: 10px !important;}&#8221;][vc_column width=&#8221;1\/3&#8243;][\/vc_column][vc_column width=&#8221;1\/3&#8243;][\/vc_column][vc_column width=&#8221;1\/3&#8243;][\/vc_column][\/vc_row][vc_row row_content_width=&#8221;grid&#8221; css=&#8221;.vc_custom_1655645689003{padding-top: 140px !important;}&#8221;][vc_column][\/vc_column][\/vc_row][vc_row row_content_width=&#8221;grid&#8221; css=&#8221;.vc_custom_1656166737820{padding-top: 30px !important;}&#8221; [&hellip;]<\/p>\n","protected":false},"author":1,"featured_media":0,"parent":0,"menu_order":0,"comment_status":"closed","ping_status":"closed","template":"full-width.php","meta":{"footnotes":""},"class_list":["post-3406","page","type-page","status-publish","hentry"],"jetpack_sharing_enabled":true,"_links":{"self":[{"href":"https:\/\/ptrangers.com\/index.php\/wp-json\/wp\/v2\/pages\/3406","targetHints":{"allow":["GET"]}}],"collection":[{"href":"https:\/\/ptrangers.com\/index.php\/wp-json\/wp\/v2\/pages"}],"about":[{"href":"https:\/\/ptrangers.com\/index.php\/wp-json\/wp\/v2\/types\/page"}],"author":[{"embeddable":true,"href":"https:\/\/ptrangers.com\/index.php\/wp-json\/wp\/v2\/users\/1"}],"replies":[{"embeddable":true,"href":"https:\/\/ptrangers.com\/index.php\/wp-json\/wp\/v2\/comments?post=3406"}],"version-history":[{"count":53,"href":"https:\/\/ptrangers.com\/index.php\/wp-json\/wp\/v2\/pages\/3406\/revisions"}],"predecessor-version":[{"id":5594,"href":"https:\/\/ptrangers.com\/index.php\/wp-json\/wp\/v2\/pages\/3406\/revisions\/5594"}],"wp:attachment":[{"href":"https:\/\/ptrangers.com\/index.php\/wp-json\/wp\/v2\/media?parent=3406"}],"curies":[{"name":"wp","href":"https:\/\/api.w.org\/{rel}","templated":true}]}}